{"id":4159,"date":"2016-02-28T14:38:39","date_gmt":"2016-02-28T20:38:39","guid":{"rendered":"http:\/\/www.amigosmetabolicos.org\/?page_id=4159"},"modified":"2016-02-28T14:40:24","modified_gmt":"2016-02-28T20:40:24","slug":"desordenes-incluidos-en-el-tamiz-neonatal-ampliado","status":"publish","type":"page","link":"https:\/\/amigosmetabolicos.org\/?page_id=4159","title":{"rendered":"Des\u00f3rdenes incluidos en el Tamiz Neonatal Ampliado"},"content":{"rendered":"<h2><span style=\"color: #008000;\"><strong>Enfermedades detectadas por tecnolog\u00eda de Espectrometr\u00eda de Masas en T\u00e1ndem<\/strong><\/span><\/h2>\n<p><strong>\u00a0<\/strong><\/p>\n<p><strong>Trastornos de la Oxidaci\u00f3n de \u00c1cidos Grasos<\/strong><\/p>\n<ul>\n<li><span style=\"color: #999999;\">Deficiencia de Carnitina\/Acilcarnitina Translocasa<\/span><\/li>\n<li><span style=\"color: #999999;\">Deficiencia de Carnitina Palmitoil Transferasa Tipo I (CPT-I)<\/span><\/li>\n<li><span style=\"color: #999999;\">Deficiencia de 3-Hidroxi Acil-CoA Deshidrogenasa de Cadena Larga (LCHAD)<\/span><\/li>\n<li><span style=\"color: #999999;\">Deficiencia de 2,4-Dienoil-CoA Reductasa<\/span><\/li>\n<li><span style=\"color: #999999;\">Deficiencia de Acil-CoA Deshidrogenasa de Cadena Media (MCAD)<\/span><\/li>\n<li><span style=\"color: #999999;\">Deficiencia de Acil-CoA Deshidrogenasa M\u00faltiple (MADD o Acidemia Glut\u00e1rica-Tipo II)<\/span><\/li>\n<li><span style=\"color: #999999;\">Deficiencia Neonatal de Carnitina Palmitoil Transferasa Tipo II (CPT-II)<\/span><\/li>\n<li><span style=\"color: #999999;\">Deficiencia de Acil-CoA Deshidrogenasa de Cadena Corta (SCAD)<\/span><\/li>\n<li><span style=\"color: #999999;\">Deficiencia de Hidroxi Acil-CoA Deshidrogenasa de Cadena Corta (SCHAD)<\/span><\/li>\n<li><span style=\"color: #999999;\">Deficiencia de Prote\u00edna Trifuncional (Deficiencia de TFP)<\/span><\/li>\n<li><span style=\"color: #999999;\">Deficiencia de Acil-CoA Deshidrogenasa de Cadena Muy Larga (VLCAD)<\/span><\/li>\n<\/ul>\n<p><strong>\u00a0<\/strong><\/p>\n<p><strong>Trastornos de \u00c1cidos Org\u00e1nicos<\/strong><\/p>\n<ul>\n<li><span style=\"color: #999999;\">Deficiencia de 3-hidroxi-3-Metilglutaril-CoA Liasa (HMG)<\/span><\/li>\n<li><span style=\"color: #999999;\">Acidemia Glut\u00e1rica Tipo I (GA I)<\/span><\/li>\n<li><span style=\"color: #999999;\">Deficiencia de Isobutiril-CoA Deshidrogenasa<\/span><\/li>\n<li><span style=\"color: #999999;\">Acidemia Isoval\u00e9rica<\/span><\/li>\n<li><span style=\"color: #999999;\">Inicio agudo<\/span><\/li>\n<li><span style=\"color: #999999;\">Cr\u00f3nico<\/span><\/li>\n<li><span style=\"color: #999999;\">Deficiencia de 2-Metilbutiril-CoA Deshidrogenasa<\/span><\/li>\n<li><span style=\"color: #999999;\">Deficiencia de 3-Metilcrotonil-CoA Carboxilasa (Deficiencia de 3MCC)<\/span><\/li>\n<li><span style=\"color: #999999;\">Deficiencia de 3-Metilglutaconil-CoA Hidratasa<\/span><\/li>\n<li><span style=\"color: #999999;\">Acidemias Metilmal\u00f3nicas<\/span><\/li>\n<li><span style=\"color: #999999;\">Deficiencia 0 Metilmalonil-CoA Mutasa<\/span><\/li>\n<li><span style=\"color: #999999;\">Deficiencia + Metilmalonil-CoA Mutasa<\/span><\/li>\n<li><span style=\"color: #999999;\">Algunos Trastornos en la S\u00edntesis de Adenosilcobalamina<\/span><\/li>\n<li><span style=\"color: #999999;\">Deficiencia Materna de Vitamina B12<\/span><\/li>\n<li><span style=\"color: #999999;\">Deficiencia de Acetoacetil-CoA Tiolasa Mitocondrial (Deficiencia 3-Cetotiolasa)<\/span><\/li>\n<li><span style=\"color: #999999;\">Acidemia Propi\u00f3nica<\/span><\/li>\n<li><span style=\"color: #999999;\">Inicio agudo<\/span><\/li>\n<li><span style=\"color: #999999;\">Inicio tard\u00edo<\/span><\/li>\n<li><span style=\"color: #999999;\">Deficiencia M\u00faltiple de CoA Carboxilasa<\/span><\/li>\n<li><span style=\"color: #999999;\">Aciduria Mal\u00f3nica<\/span><\/li>\n<\/ul>\n<p><strong>\u00a0<\/strong><\/p>\n<p><strong>Trastornos de Amino\u00e1cidos<\/strong><\/p>\n<ul>\n<li><span style=\"color: #999999;\">Argininemia<\/span><\/li>\n<li><span style=\"color: #999999;\">Aciduria Argininosucc\u00ednica (Deficiencia de ASA Liasa)<\/span><\/li>\n<li><span style=\"color: #999999;\">Inicio agudo<\/span><\/li>\n<li><span style=\"color: #999999;\">Inicio tard\u00edo<\/span><\/li>\n<li><span style=\"color: #999999;\">5-Oxoprolinuria (Aciduria Piroglut\u00e1mica)<\/span><\/li>\n<li><span style=\"color: #999999;\">Deficiencia de Carbamoilfosfato Sintetasa (Deficiencia de CPS)<\/span><\/li>\n<li><span style=\"color: #999999;\">Citrulinemia (Deficiencia de ASA Sintetasa)<\/span><\/li>\n<li><span style=\"color: #999999;\">Inicio agudo<\/span><\/li>\n<li><span style=\"color: #999999;\">Inicio tard\u00edo<\/span><\/li>\n<li><span style=\"color: #999999;\">Homocistinuria<\/span><\/li>\n<li><span style=\"color: #999999;\">Hipermetioninemia<\/span><\/li>\n<li><span style=\"color: #999999;\">S\u00edndrome de Hiperamonemia, Hiperornitinemia, Homocitrulinemia (HHH)<\/span><\/li>\n<li><span style=\"color: #999999;\">Hiperornitinemia con Atrofia de Circunvoluciones<\/span><\/li>\n<li><span style=\"color: #999999;\">Enfermedad de Jarabe de Maple (MSUD)<\/span><\/li>\n<li><span style=\"color: #999999;\">Cl\u00e1sica<\/span><\/li>\n<li><span style=\"color: #999999;\">Intermedia<\/span><\/li>\n<li><span style=\"color: #999999;\">Fenilcetonuria<\/span><\/li>\n<li><span style=\"color: #999999;\">PKU Cl\u00e1sica<\/span><\/li>\n<li><span style=\"color: #999999;\">Hiperfenilalaninemia<\/span><\/li>\n<li><span style=\"color: #999999;\">Deficiencia del Cofactor (Biopterina)<\/span><\/li>\n<li><span style=\"color: #999999;\">Tirosinemia<\/span><\/li>\n<li><span style=\"color: #999999;\">Tirosinemia neonatal transitoria<\/span><\/li>\n<li><span style=\"color: #999999;\">Tirosinemia Tipo I<\/span><\/li>\n<li><span style=\"color: #999999;\">Tirosinemia Tipo II<\/span><\/li>\n<li><span style=\"color: #999999;\">Tirosinemia Tipo III<\/span><\/li>\n<\/ul>\n<p><strong>\u00a0<\/strong><\/p>\n<p><strong>Trastornos de Almacenamiento Lisosomal*<\/strong><\/p>\n<ul>\n<li><span style=\"color: #999999;\">Enfermedad de Gaucher (Deficiencia de beta-Glucocerebrosidasa (ABG))*<\/span><\/li>\n<li><span style=\"color: #999999;\">Enfermedad de Niemann Pick (A\/B) (Deficiencia de Esfingomielinasa \u00c1cida (ASM))*<\/span><\/li>\n<li><span style=\"color: #999999;\">Enfermedad de Pompe (Deficiencia de alfa-Glucosidasa Lisosomal (GAA))*<\/span><\/li>\n<li><span style=\"color: #999999;\">Enfermedad de Krabbe (Deficiencia de Galactocerebrosidasa (GALC))*<\/span><\/li>\n<li><span style=\"color: #999999;\">Enfermedad de Fabry (Deficiencia de alfa-Galactosidasa (GLA))*<\/span><\/li>\n<li><span style=\"color: #999999;\">Enfermedad de Hurler (MPS-1) (Deficiencia de alfa-Iduronidasa (IDUA))*<\/span><\/li>\n<\/ul>\n<p><strong>\u00a0<\/strong><\/p>\n<p><strong>Otros perfiles anormales<\/strong><\/p>\n<ul>\n<li><span style=\"color: #999999;\">Hiperalimentaci\u00f3n<\/span><\/li>\n<li><span style=\"color: #999999;\">Enfermedad Hep\u00e1tica<\/span><\/li>\n<li><span style=\"color: #999999;\">Administraci\u00f3n de Aceite de Triglic\u00e9ridos de Cadena Media (MCT)<\/span><\/li>\n<li><span style=\"color: #999999;\">Presencia de Anticoagulante (EDTA) en la muestra de sangre<\/span><\/li>\n<li><span style=\"color: #999999;\">Tratamiento con Benzoato, Acido Piv\u00e1lico \u00f3 Acido Valproico<\/span><\/li>\n<li><span style=\"color: #999999;\">Deficiencia en la Absorci\u00f3n de Carnitina<\/span><\/li>\n<\/ul>\n<p><strong>\u00a0<\/strong><\/p>\n<p><strong>Enfermedades detectadas por otras tecnolog\u00edas<\/strong><\/p>\n<ul>\n<li><span style=\"color: #999999;\">Deficiencia de Biotinidasa<\/span><\/li>\n<li><span style=\"color: #999999;\">Deficiencia completa<\/span><\/li>\n<li><span style=\"color: #999999;\">Deficiencia parcial<\/span><\/li>\n<li><span style=\"color: #999999;\">Hiperplasia Suprarrenal Cong\u00e9nita<\/span><\/li>\n<li><span style=\"color: #999999;\">Deficiencia de 21-Hidroxilasa perdedora de sal<\/span><\/li>\n<li><span style=\"color: #999999;\">Deficiencia de 21-Hidroxilasa virilizante simple<\/span><\/li>\n<li><span style=\"color: #999999;\">Hipotiroidismo Cong\u00e9nito<\/span><\/li>\n<li><span style=\"color: #999999;\">Fibrosis Qu\u00edstica (no v\u00e1lida despu\u00e9s de los 3 meses de edad)<\/span><\/li>\n<li><span style=\"color: #999999;\">Galactosemia<\/span><\/li>\n<li><span style=\"color: #999999;\">Deficiencia de Galactocinasa<\/span><\/li>\n<li><span style=\"color: #999999;\">Deficiencia de Galactosa-1-Fosfato Uridiltransferasa<\/span><\/li>\n<li><span style=\"color: #999999;\">Deficiencia de Galactosa-4-Epimerasa<\/span><\/li>\n<li><span style=\"color: #999999;\">Deficiencia de Glucosa-6-Fosfato Deshidrogenasa<\/span><\/li>\n<li><span style=\"color: #999999;\">Enfermedad de C\u00e9lulas Falciformes y otras Hemoglobinopat\u00edas<\/span><\/li>\n<li><span style=\"color: #999999;\">Enfermedad de Hemoglobina S<\/span><\/li>\n<li><span style=\"color: #999999;\">Enfermedad de Hemoglobina S\/C<\/span><\/li>\n<li><span style=\"color: #999999;\">Enfermedad de Hemoglobina S\/Beta<\/span><\/li>\n<li><span style=\"color: #999999;\">Enfermedad de Hemoglobina C<\/span><\/li>\n<li><span style=\"color: #999999;\">Enfermedad de Hemoglobina E<\/span><\/li>\n<li><span style=\"color: #999999;\">S\u00edndrome de Inmunodeficiencia Severa Combinada (SCID)*<\/span><\/li>\n<\/ul>\n<p>&nbsp;<\/p>\n<p>&nbsp;<\/p>\n<p>* La detecci\u00f3n de SCID y los Trastornos de Almacenamiento Lisosomal se puede incluir de manera opcional.<\/p>\n","protected":false},"excerpt":{"rendered":"<p>Enfermedades detectadas por tecnolog\u00eda de Espectrometr\u00eda de Masas en T\u00e1ndem \u00a0 Trastornos de la Oxidaci\u00f3n de \u00c1cidos Grasos Deficiencia de Carnitina\/Acilcarnitina Translocasa Deficiencia de Carnitina Palmitoil Transferasa Tipo I (CPT-I) Deficiencia de 3-Hidroxi Acil-CoA Deshidrogenasa de Cadena Larga (LCHAD) Deficiencia de 2,4-Dienoil-CoA Reductasa Deficiencia de Acil-CoA Deshidrogenasa de Cadena Media (MCAD) Deficiencia de Acil-CoA Deshidrogenasa [&hellip;]<\/p>\n","protected":false},"author":1,"featured_media":0,"parent":2967,"menu_order":0,"comment_status":"closed","ping_status":"closed","template":"","meta":{"ngg_post_thumbnail":0},"_links":{"self":[{"href":"https:\/\/amigosmetabolicos.org\/index.php?rest_route=\/wp\/v2\/pages\/4159"}],"collection":[{"href":"https:\/\/amigosmetabolicos.org\/index.php?rest_route=\/wp\/v2\/pages"}],"about":[{"href":"https:\/\/amigosmetabolicos.org\/index.php?rest_route=\/wp\/v2\/types\/page"}],"author":[{"embeddable":true,"href":"https:\/\/amigosmetabolicos.org\/index.php?rest_route=\/wp\/v2\/users\/1"}],"replies":[{"embeddable":true,"href":"https:\/\/amigosmetabolicos.org\/index.php?rest_route=%2Fwp%2Fv2%2Fcomments&post=4159"}],"version-history":[{"count":2,"href":"https:\/\/amigosmetabolicos.org\/index.php?rest_route=\/wp\/v2\/pages\/4159\/revisions"}],"predecessor-version":[{"id":4162,"href":"https:\/\/amigosmetabolicos.org\/index.php?rest_route=\/wp\/v2\/pages\/4159\/revisions\/4162"}],"up":[{"embeddable":true,"href":"https:\/\/amigosmetabolicos.org\/index.php?rest_route=\/wp\/v2\/pages\/2967"}],"wp:attachment":[{"href":"https:\/\/amigosmetabolicos.org\/index.php?rest_route=%2Fwp%2Fv2%2Fmedia&parent=4159"}],"curies":[{"name":"wp","href":"https:\/\/api.w.org\/{rel}","templated":true}]}}