{"id":15,"date":"2010-12-06T15:43:39","date_gmt":"2010-12-06T15:43:39","guid":{"rendered":"http:\/\/am.lisosomales.org\/"},"modified":"2015-07-07T18:18:23","modified_gmt":"2015-07-08T00:18:23","slug":"como-ayudar","status":"publish","type":"page","link":"https:\/\/amigosmetabolicos.org\/?page_id=15","title":{"rendered":"C\u00f3mo ayudar"},"content":{"rendered":"<h2 style=\"text-align: justify;\"><strong>La Asociaci\u00f3n Mexicana de Amigos Metab\u00f3licos, A. C. funciona y trabaja bajo un esquema de apoyo social, ya que los pacientes con Errores Innatos del Metabolismo y sus familias, que en la mayor\u00eda de los casos son de bajos recursos econ\u00f3micos \u00a0y adem\u00e1s, de que los tratamientos son\u00a0costosos, es por eso que hemos decidido ayudarlos.<\/strong><\/h2>\n<h2 style=\"text-align: justify;\"><strong>Gracias a las aportaciones de Particulares y Familiares, hemos\u00a0ayudado a varios de Nuestros Ni\u00f1os\u00a0Metab\u00f3licos del Pa\u00eds.<\/strong><\/h2>\n<h2 style=\"text-align: justify;\"><strong>La asociaci\u00f3n como parte de su Objeto Social, ha estado realizando algunos\u00a0 eventos durante\u00a0el presente a\u00f1o, en\u00a0 los cuales hemos\u00a0recaudado\u00a0fondos para la compra de F\u00f3rmula\u00a0Especial que toman en la mayor\u00eda de los casos Nuestros Peque\u00f1os.<\/strong><\/h2>\n<p>&nbsp;<\/p>\n<h1><span style=\"color: #339900;\"><strong>DONATIVOS EN ESPECIE<\/strong><\/span><\/h1>\n<div align=\"center\">\n<hr align=\"center\" noshade=\"noshade\" size=\"3\" width=\"100%\" \/>\n<\/div>\n<h2><strong>Puedes hacer tus donativos en especie comunic\u00e1ndote al tel\u00e9fono de la Asociaci\u00f3n:<\/strong><\/h2>\n<address><strong>Tel\u00e9fono:<\/strong><\/address>\n<address><strong>+52 (55) 3548-7178<\/strong>\u00a0\u00a0\u00a0 Internacional<\/address>\n<address><strong>\u00a0\u00a0 01 (55) 3548-7178<\/strong>\u00a0\u00a0\u00a0 Nacional<\/address>\n<h2><strong>O bien envi\u00e1ndonos un correo a:<\/strong><\/h2>\n<h2><span style=\"color: #3366ff;\"><strong>contacto@amigosmetabolicos.org<\/strong><\/span><\/h2>\n<p>&nbsp;<\/p>\n<h1><span style=\"color: #339900;\"><strong>DONATIVOS EN MONEDA NACIONAL<\/strong><\/span><\/h1>\n<div align=\"center\">\n<hr align=\"center\" noshade=\"noshade\" size=\"3\" width=\"100%\" \/>\n<\/div>\n<h2 style=\"text-align: justify;\"><strong>Aportando tu Donativo al siguiente n\u00famero de cuenta de la Asociaci\u00f3n o v\u00eda PayPal de la Instituci\u00f3n (favor de llenar formulario mas abajo).<\/strong><\/h2>\n<address>Banco: \u00a0\u00a0\u00a0\u00a0\u00a0\u00a0\u00a0\u00a0\u00a0\u00a0\u00a0\u00a0\u00a0\u00a0\u00a0\u00a0\u00a0\u00a0\u00a0\u00a0\u00a0\u00a0\u00a0\u00a0\u00a0\u00a0\u00a0\u00a0\u00a0\u00a0\u00a0 <strong>BANAMEX<\/strong><\/address>\n<address>Nombre de la Cuenta:\u00a0\u00a0 <strong>Asociaci\u00f3n Mexicana de Amigos Metab\u00f3licos, A. C.<\/strong><\/address>\n<address>Cuenta de Cheques<\/address>\n<address>Moneda Nacional:\u00a0\u00a0\u00a0\u00a0\u00a0\u00a0 \u00a0\u00a0\u00a0 <strong>9242127545<\/strong><\/address>\n<address>CLABE Interbancaria: \u00a0 <strong>002180071316528738<\/strong><\/address>\n<address>Sucursal:\u00a0\u00a0\u00a0\u00a0\u00a0\u00a0\u00a0\u00a0\u00a0\u00a0\u00a0\u00a0\u00a0\u00a0\u00a0\u00a0\u00a0\u00a0\u00a0\u00a0 \u00a0\u00a0\u00a0\u00a0\u00a0\u00a0\u00a0 <strong>713<\/strong><\/address>\n<address>Moneda:\u00a0\u00a0\u00a0\u00a0\u00a0\u00a0\u00a0\u00a0\u00a0\u00a0\u00a0\u00a0\u00a0\u00a0\u00a0\u00a0\u00a0\u00a0\u00a0\u00a0 \u00a0\u00a0\u00a0\u00a0\u00a0\u00a0\u00a0\u00a0 <strong>Pesos M. N.<\/strong><\/address>\n<p>&nbsp;<\/p>\n<h1><span style=\"color: #339900;\"><strong>RECIBOS DEDUCIBLES<\/strong><\/span><\/h1>\n<div align=\"center\">\n<hr align=\"center\" noshade=\"noshade\" size=\"3\" width=\"100%\" \/>\n<\/div>\n<h2><strong>Se extender\u00e1n Recibos deducibles en aportaciones de $ 500.00 M.N. en adelante.<\/strong><\/h2>\n<h2 style=\"text-align: justify;\">Si requieres que te generemos tu Recibo Deducible de Impuestos, favor de enviarnos tu solicitud a:<\/h2>\n<h2 style=\"text-align: justify;\"><span style=\"color: #3366ff;\"><strong>recibodeducible@amigosmetabolicos.org<\/strong><\/span><\/h2>\n<h2 style=\"text-align: justify;\">con la siguiente informaci\u00f3n necesaria:<\/h2>\n<address>Nombre Completo:<\/address>\n<address>Direcci\u00f3n:<\/address>\n<address>Tel\u00e9fonos:<\/address>\n<address>Correo Electr\u00f3nico:<\/address>\n<address>RFC Copia Digital:<\/address>\n<address>Direcci\u00f3n Fiscal Completa:<\/address>\n<address>Tel\u00e9fono de Contacto<\/address>\n<address>Comprobante de Domicilio Actual<\/address>\n<address>IFE Copia Digital<\/address>\n<address>Comprobante de dep\u00f3sito.\u00a0<\/address>\n<h2 style=\"text-align: justify;\">Despu\u00e9s de recibir tu solicitud de Recibo deducible y cotejar la informaci\u00f3n, vamos a procesar el Recibo Deducible y te lo haremos llegar en un plazo no mayor a 5 d\u00edas h\u00e1biles o antes v\u00eda correo electr\u00f3nico.<\/h2>\n<div align=\"center\">\n<hr align=\"center\" noshade=\"noshade\" size=\"3\" width=\"100%\" \/>\n<\/div>\n<h2 style=\"text-align: justify;\">Como parte de nuestro compromiso y obligaci\u00f3n, es reportar mensualmente las aportaciones que nos haces por medio de los diferentes m\u00e9todos para este \u00fanico fin que es el de ayudar a Nuestros Ni\u00f1os\u00a0Metab\u00f3licos de Pa\u00eds.<\/h2>\n<h2 style=\"text-align: justify;\">Por ello te solicitamos\u00a0nos escribas y\u00a0env\u00edes el comprobante de tu aportaci\u00f3n a:<\/h2>\n<h2 style=\"text-align: justify;\"><span style=\"color: #3366ff;\"> donaramam@amigosmetabolicos.org<\/span><\/h2>\n<h2 style=\"text-align: justify;\">y nos comentes el por qu\u00e9 decidiste apoyarnos y si deseas aparecer en la lista mensual de Donatarios o si prefieres mantenerte\u00a0An\u00f3nimo.<\/h2>\n<h2 style=\"text-align: justify;\">Agradecemos\u00a0a nombre de nuestros Ni\u00f1os\u00a0Metab\u00f3licos y sus Familias tu aportaci\u00f3n a esta noble causa.<\/h2>\n<p>&nbsp;<\/p>\n<div align=\"center\">\n<hr align=\"center\" noshade=\"noshade\" size=\"3\" width=\"100%\" \/>\n<\/div>\n<p>&nbsp;<\/p>\n<p>&nbsp;<\/p>\n<h1 style=\"text-align: center;\">\u00abMUCHAS GRACIAS POR TU APOYO\u00bb<\/h1>\n<p style=\"text-align: center;\"><strong><span style=\"color: #339900;\">\u201cNo hay cometido m\u00e1s grande, ni recompensa m\u00e1s gratificante, que salvar la vida de un ni\u00f1o\u201d<\/span><\/strong><\/p>\n<h2 align=\"center\"><strong>Asociaci\u00f3n\u00a0Mexicana\u00a0de\u00a0Amigos\u00a0Metab\u00f3licos,\u00a0A.\u00a0C.<\/strong><\/h2>\n<p align=\"center\"><strong>DR AMAM MMXIV<\/strong><\/p>\n<p>&nbsp;<\/p>\n<hr size=\"4\" \/>\n<h3>Campa\u00f1a de apoyo a los Ni\u00f1os y Amigos Metab\u00f3licos con Errores Innatos del Metabolismo en M\u00e9xico.<\/h3>\n<div align=\"center\"><img src=\"https:\/\/amigosmetabolicos.org\/wp-content\/plugins\/sponsorme\/sponsorme.php?graph\"><br \/>Energizado por el plugin <a href=\"http:\/\/www.u-g-h.com\/index.php\/wordpress-plugins\/wordpress-plugin-sponsorme\/\">SponsorMe para WordPress<\/a><\/div>\n<hr \/>\n<p>Si deseas ayudar, por favor rellena el formulario siguiente para realizar una donaci\u00f3n.<\/p>\n<form class=\"sponsorme_form\" name=\"sponsorme\" method=\"POST\">\n<fieldset>\n<legend>Detalles del dep\u00f3sito bancario<\/legend>\n<table>\n<tr>\n<td><label for \"sponsorme_name\">Nombre:<\/label><\/td>\n<td><input name=\"sponsorme_name\" id=\"sponsorme_name\" value=\"\"\/><\/td>\n<\/tr>\n<tr>\n<td><label for \"sponsorme_email\">Correo-e<\/label><\/td>\n<td><input name=\"sponsorme_email\" id=\"sponsorme_email\" value=\"\"\/><\/td>\n<\/tr>\n<tr>\n<td><label for \"sponsorme_URL\">URL<\/label><\/td>\n<td><input name=\"sponsorme_URL\" id=\"sponsorme_URL\" value=\"\"\/><\/td>\n<\/tr>\n<tr>\n<td><label for \"sponsorme_amount\">Cantidad (MXN)<\/label><\/td>\n<td><input name=\"sponsorme_amount\" id=\"sponsorme_amount\" value=\"\"\/><\/td>\n<\/tr>\n<tr>\n<td><label for \"sponsorme_comment\">Comentario<\/label><\/td>\n<td><textarea name=\"sponsorme_comments\" id=\"sponsorme_comments\" rows=\"5\" cols=\"40\"><\/textarea><\/td>\n<\/tr>\n<tr>\n<td><label for \"sponsorme_method\">M\u00e9todo<\/label><\/td>\n<td><select name=\"sponsorme_method\"><option value=\"paypal\">PayPal<\/option><option value=\"cheque\">Cheque<\/option><\/select><\/td>\n<\/tr>\n<tr>\n<td colspan=\"2\" align=\"center\"><input type=\"hidden\" name=\"sponsorme_process\" value=\"yes\"><input type=\"submit\" value=\"Haz tu Donaci\u00f3n\"><\/td>\n<\/tr>\n<\/table>\n<\/fieldset>\n<\/form>\n<hr>\n<p>Agradecemos a las siguientes personas por sus amables donaciones:<\/p>\n<ul><\/ul>\n<hr>\n<p>Pagos pendientes:<\/p>\n<ul>\n<li>En Espera de Confirmaci\u00f3n &#8211; MXN5,000.00<\/li>\n<li>En Espera de Confirmaci\u00f3n &#8211; MXN6.00<\/li>\n<li>En Espera de Confirmaci\u00f3n &#8211; MXN48.00<\/li>\n<li>En Espera de Confirmaci\u00f3n &#8211; MXN74.00<\/li>\n<li>En Espera de Confirmaci\u00f3n &#8211; MXN8.00<\/li>\n<li>En Espera de Confirmaci\u00f3n &#8211; MXN9.00<\/li>\n<li>En Espera de Confirmaci\u00f3n &#8211; MXN1.00<\/li>\n<li>En Espera de Confirmaci\u00f3n &#8211; MXN9.00<\/li>\n<li>En Espera de Confirmaci\u00f3n &#8211; MXN69.00<\/li>\n<li>En Espera de Confirmaci\u00f3n &#8211; MXN69.00<\/li>\n<li>En Espera de Confirmaci\u00f3n &#8211; MXN2.00<\/li>\n<li>En Espera de Confirmaci\u00f3n &#8211; MXN91.00<\/li>\n<li>En Espera de Confirmaci\u00f3n &#8211; MXN34.00<\/li>\n<li>En Espera de Confirmaci\u00f3n &#8211; MXN51.00<\/li>\n<li>En Espera de Confirmaci\u00f3n &#8211; MXN51.00<\/li>\n<li>En Espera de Confirmaci\u00f3n &#8211; MXN16.00<\/li>\n<li>En Espera de Confirmaci\u00f3n &#8211; MXN15.00<\/li>\n<li>En Espera de Confirmaci\u00f3n &#8211; MXN3.00<\/li>\n<li>En Espera de Confirmaci\u00f3n &#8211; MXN9.00<\/li>\n<li>En Espera de Confirmaci\u00f3n &#8211; MXN2.00<\/li>\n<li>En Espera de Confirmaci\u00f3n &#8211; MXN3.00<\/li>\n<li>En Espera de Confirmaci\u00f3n &#8211; MXN8.00<\/li>\n<li>En Espera de Confirmaci\u00f3n &#8211; MXN32.00<\/li>\n<li>En Espera de Confirmaci\u00f3n &#8211; MXN28.00<\/li>\n<li>En Espera de Confirmaci\u00f3n &#8211; MXN84.00<\/li>\n<li>En Espera de Confirmaci\u00f3n &#8211; MXN16.00<\/li>\n<li>En Espera de Confirmaci\u00f3n &#8211; MXN8.00<\/li>\n<li>En Espera de Confirmaci\u00f3n &#8211; MXN4.00<\/li>\n<li>En Espera de Confirmaci\u00f3n &#8211; MXN9.00<\/li>\n<li>En Espera de Confirmaci\u00f3n &#8211; MXN6.00<\/li>\n<li>En Espera de Confirmaci\u00f3n &#8211; MXN79.00<\/li>\n<li>En Espera de Confirmaci\u00f3n &#8211; MXN23.00<\/li>\n<li>En Espera de Confirmaci\u00f3n &#8211; MXN72.00<\/li>\n<li>En Espera de Confirmaci\u00f3n &#8211; MXN9.00<\/li>\n<li>En Espera de Confirmaci\u00f3n &#8211; MXN5.00<\/li>\n<li>En Espera de Confirmaci\u00f3n &#8211; MXN87.00<\/li>\n<li>En Espera de Confirmaci\u00f3n &#8211; MXN6.00<\/li>\n<li>En Espera de Confirmaci\u00f3n &#8211; MXN2.00<\/li>\n<li>En Espera de Confirmaci\u00f3n &#8211; MXN13.00<\/li>\n<li>En Espera de Confirmaci\u00f3n &#8211; MXN5.00<\/li>\n<li>En Espera de Confirmaci\u00f3n &#8211; MXN80.00<\/li>\n<li>En Espera de Confirmaci\u00f3n &#8211; MXN4.00<\/li>\n<li>En Espera de Confirmaci\u00f3n &#8211; MXN32.00<\/li>\n<li>En Espera de Confirmaci\u00f3n &#8211; MXN47.00<\/li>\n<li>En Espera de Confirmaci\u00f3n &#8211; MXN5.00<\/li>\n<li>En Espera de Confirmaci\u00f3n &#8211; MXN3.00<\/li>\n<li>En Espera de Confirmaci\u00f3n &#8211; MXN52.00<\/li>\n<li>En Espera de Confirmaci\u00f3n &#8211; MXN2.00<\/li>\n<li>En Espera de Confirmaci\u00f3n &#8211; MXN9.00<\/li>\n<li>En Espera de Confirmaci\u00f3n &#8211; MXN99.00<\/li>\n<li>En Espera de Confirmaci\u00f3n &#8211; MXN15.00<\/li>\n<li>En Espera de Confirmaci\u00f3n &#8211; MXN3.00<\/li>\n<li>En Espera de Confirmaci\u00f3n &#8211; MXN40.00<\/li>\n<li>En Espera de Confirmaci\u00f3n &#8211; MXN54.00<\/li>\n<li>En Espera de Confirmaci\u00f3n &#8211; MXN43.00<\/li>\n<li>En Espera de Confirmaci\u00f3n &#8211; MXN7.00<\/li>\n<li>En Espera de Confirmaci\u00f3n &#8211; MXN72.00<\/li>\n<li>En Espera de Confirmaci\u00f3n &#8211; MXN68.00<\/li>\n<li>En Espera de Confirmaci\u00f3n &#8211; MXN74.00<\/li>\n<li>En Espera de Confirmaci\u00f3n &#8211; MXN72.00<\/li>\n<li>En Espera de Confirmaci\u00f3n &#8211; MXN1.00<\/li>\n<li>En Espera de Confirmaci\u00f3n &#8211; MXN9.00<\/li>\n<li>En Espera de Confirmaci\u00f3n &#8211; MXN58.00<\/li>\n<li>En Espera de Confirmaci\u00f3n &#8211; MXN22.00<\/li>\n<li>En Espera de Confirmaci\u00f3n &#8211; MXN74.00<\/li>\n<li>En Espera de Confirmaci\u00f3n &#8211; MXN73.00<\/li>\n<li>En Espera de Confirmaci\u00f3n &#8211; MXN9.00<\/li>\n<li>En Espera de Confirmaci\u00f3n &#8211; MXN5.00<\/li>\n<li>En Espera de Confirmaci\u00f3n &#8211; MXN8.00<\/li>\n<li>En Espera de Confirmaci\u00f3n &#8211; MXN7.00<\/li>\n<li>En Espera de Confirmaci\u00f3n &#8211; MXN87.00<\/li>\n<li>En Espera de Confirmaci\u00f3n &#8211; MXN54.00<\/li>\n<li>En Espera de Confirmaci\u00f3n &#8211; MXN5.00<\/li>\n<li>En Espera de Confirmaci\u00f3n &#8211; MXN75.00<\/li>\n<li>En Espera de Confirmaci\u00f3n &#8211; MXN8.00<\/li>\n<li>En Espera de Confirmaci\u00f3n &#8211; MXN9.00<\/li>\n<li>En Espera de Confirmaci\u00f3n &#8211; MXN1.00<\/li>\n<li>En Espera de Confirmaci\u00f3n &#8211; MXN5.00<\/li>\n<li>En Espera de Confirmaci\u00f3n &#8211; MXN8.00<\/li>\n<li>En Espera de Confirmaci\u00f3n &#8211; MXN7.00<\/li>\n<li>En Espera de Confirmaci\u00f3n &#8211; MXN49.00<\/li>\n<li>En Espera de Confirmaci\u00f3n &#8211; MXN6.00<\/li>\n<li>En Espera de Confirmaci\u00f3n &#8211; MXN49.00<\/li>\n<li>En Espera de Confirmaci\u00f3n &#8211; MXN35.00<\/li>\n<li>En Espera de Confirmaci\u00f3n &#8211; MXN3.00<\/li>\n<li>En Espera de Confirmaci\u00f3n &#8211; MXN70.00<\/li>\n<li>En Espera de Confirmaci\u00f3n &#8211; MXN9.00<\/li>\n<li>En Espera de Confirmaci\u00f3n &#8211; MXN94.00<\/li>\n<li>En Espera de Confirmaci\u00f3n &#8211; MXN1.00<\/li>\n<li>En Espera de Confirmaci\u00f3n &#8211; MXN51.00<\/li>\n<li>En Espera de Confirmaci\u00f3n &#8211; MXN72.00<\/li>\n<li>En Espera de Confirmaci\u00f3n &#8211; MXN89.00<\/li>\n<li>En Espera de Confirmaci\u00f3n &#8211; MXN1,500.00<\/li>\n<li>En Espera de Confirmaci\u00f3n &#8211; MXN1.00<\/li>\n<li>En Espera de Confirmaci\u00f3n &#8211; MXN1.00<\/li>\n<li>En Espera de Confirmaci\u00f3n &#8211; MXN100.00<\/li>\n<li>En Espera de Confirmaci\u00f3n &#8211; MXN1.00<\/li>\n<li>En Espera de Confirmaci\u00f3n &#8211; MXN15.00<\/li>\n<li>En Espera de Confirmaci\u00f3n &#8211; MXN15.00<\/li>\n<li>En Espera de Confirmaci\u00f3n &#8211; MXN16.00<\/li>\n<\/ul>\n","protected":false},"excerpt":{"rendered":"<p>La Asociaci\u00f3n Mexicana de Amigos Metab\u00f3licos, A. C. funciona y trabaja bajo un esquema de apoyo social, ya que los pacientes con Errores Innatos del Metabolismo y sus familias, que en la mayor\u00eda de los casos son de bajos recursos econ\u00f3micos \u00a0y adem\u00e1s, de que los tratamientos son\u00a0costosos, es por eso que hemos decidido ayudarlos. [&hellip;]<\/p>\n","protected":false},"author":1,"featured_media":0,"parent":0,"menu_order":0,"comment_status":"open","ping_status":"closed","template":"","meta":{"ngg_post_thumbnail":0},"_links":{"self":[{"href":"https:\/\/amigosmetabolicos.org\/index.php?rest_route=\/wp\/v2\/pages\/15"}],"collection":[{"href":"https:\/\/amigosmetabolicos.org\/index.php?rest_route=\/wp\/v2\/pages"}],"about":[{"href":"https:\/\/amigosmetabolicos.org\/index.php?rest_route=\/wp\/v2\/types\/page"}],"author":[{"embeddable":true,"href":"https:\/\/amigosmetabolicos.org\/index.php?rest_route=\/wp\/v2\/users\/1"}],"replies":[{"embeddable":true,"href":"https:\/\/amigosmetabolicos.org\/index.php?rest_route=%2Fwp%2Fv2%2Fcomments&post=15"}],"version-history":[{"count":9,"href":"https:\/\/amigosmetabolicos.org\/index.php?rest_route=\/wp\/v2\/pages\/15\/revisions"}],"predecessor-version":[{"id":4091,"href":"https:\/\/amigosmetabolicos.org\/index.php?rest_route=\/wp\/v2\/pages\/15\/revisions\/4091"}],"wp:attachment":[{"href":"https:\/\/amigosmetabolicos.org\/index.php?rest_route=%2Fwp%2Fv2%2Fmedia&parent=15"}],"curies":[{"name":"wp","href":"https:\/\/api.w.org\/{rel}","templated":true}]}}